{"id":107133,"date":"2023-01-11T08:12:20","date_gmt":"2023-01-11T08:12:20","guid":{"rendered":"https:\/\/easygoinc.com\/agb-2\/"},"modified":"2023-01-11T08:12:20","modified_gmt":"2023-01-11T08:12:20","slug":"agb","status":"publish","type":"page","link":"https:\/\/easygoinc.com\/de\/agb\/","title":{"rendered":"AGB"},"content":{"rendered":"\n\n\t<section class=\"section\" id=\"section_2035384063\">\n\t\t<div class=\"section-bg fill\" >\n\t\t\t\t\t\t\t\t\t\n\t\t\t\n\n\t\t<\/div>\n\n\t\t\n\n\t\t<div class=\"section-content relative\">\n\t\t\t\n\n<div class=\"row\"  id=\"row-198010440\">\n\n\n\t<div id=\"col-1429245337\" class=\"col small-12 large-12\"  >\n\t\t\t\t<div class=\"col-inner\"  >\n\t\t\t\n\t\t\t\n\n\t<div id=\"text-2623666447\" class=\"text\">\n\t\t\n\n<h1 class=\"wp-block-heading\">AGB \u2013 Allgemeine Gesch\u00e4ftsbedingungen<\/h1>\n<p><\/br><\/p>\n\t\t\n<style>\n#text-2623666447 {\n  font-size: 1.5rem;\n  text-align: center;\n}\n@media (min-width:850px) {\n  #text-2623666447 {\n    font-size: 2rem;\n  }\n}\n<\/style>\n\t<\/div>\n\t\n<h3 class=\"wp-block-heading\"><strong>easygoinc. GmbH<\/strong><\/h3>\n<p>\u00a0<\/p>\n<p>Reitschulgasse 3-5<br \/>A-4600 Wels<br \/>Telefon\u00a0<a href=\"tel:004372429328140\">+43 7242 932814-0<\/a><br \/>Allgemein:\u00a0<a href=\"mailto:contact@easygoinc.com\">contact@easygoinc.com<\/a><br \/>Produktanfragen:\u00a0<a href=\"mailto:shop@easygoinc.com\">shop@easygoinc.com<\/a><br \/>Retouren:\u00a0<a href=\"mailto:retoure@easygoinc.com\">retoure@easygoinc.com<\/a><br \/>Reklamationen:\u00a0<a href=\"mailto:reklamation@easygoinc.com\">reklamation@easygoinc.com<\/a><\/p>\n<p>\u00a0<\/p>\n<p>Firmensitz: Wels<br \/>Firmenbuchnummer:\u00a0FN 453605 t<br \/>Firmenbuchgericht: Landesgericht\u00a0Wels<br \/>Beh\u00f6rde gem. ECG: Bezirkshauptmannschaft\u00a0Wels-Land<\/p>\n<p>\u00a0<\/p>\n<p>UID: ATU 71149768<\/p>\n<p>\u00a0<\/p>\n<p>Bankverbindung:<\/p>\n<p>\u00a0<\/p>\n<p>easygoinc. GmbH<br \/>Sparkasse Lambach<br \/>IBAN: AT752031707701126059BIC: SPLAATZ1XXX<\/p>\n<p>\u00a0<\/p>\n<p><a href=\"http:\/\/www.ris.bka.gv.at\/\">www.ris.bka.gv.at<\/a><\/p>\n<p>\u00a0<\/p>\n<p>Mitglied der Wirtschaftskammer \u00d6sterreich.<\/p>\n<p>\u00a0<\/p>\n<p>\u00a0<\/p>\n<h2 class=\"wp-block-heading\"><strong>\u00a71 GELTUNGSBEREICH<\/strong><\/h2>\n<p>\u00a0<\/p>\n<ol>\n<li>F\u00fcr die Gesch\u00e4ftsbeziehung zwischen der \u201eeasygoinc. GmbH\u201c \u00a0(im Weiteren als \u201eeasygoinc.\u201c bezeichnet) und dem Kunden gelten ab dem 01.02.2015 ausschlie\u00dflich die nachfolgenden Allgemeinen Gesch\u00e4ftsbedingungen, unabh\u00e4ngig vom verwendeten Kommunikationsmittel.<\/li>\n<li>Der Kunde erkennt die ausschlie\u00dfliche Geltung der AGB von easygoinc. f\u00fcr die gesamte Gesch\u00e4ftsbeziehung an. Abweichende Bedingungen des Kunden erkennt easygoinc. nicht an, es sei denn, die Gesch\u00e4ftsleitung von easygoinc. h\u00e4tte ausdr\u00fccklich schriftlich ihrer Geltung zugestimmt. Tritt der Kunde durch Nutzung der Website in Gesch\u00e4ftsbeziehung mit easygoinc., erkennt er die AGB als Grundlage f\u00fcr die gesamte Gesch\u00e4ftsbeziehung zwischen dem Kunden und easygoinc. an.<\/li>\n<\/ol>\n<p>\u00a0<\/p>\n<h2 class=\"wp-block-heading\">\u00a0<\/h2>\n<h2 class=\"wp-block-heading\"><strong>\u00a72 VERTRAGSSCHLUSS UND R\u00dcCKTRITT<\/strong><\/h2>\n<p>\u00a0<\/p>\n<ol>\n<li>Die Darstellung der Produkte im Rahmen des Online-Shops stellt kein rechtlich verbindliches Angebot, sondern einen unverbindlichen Online-Katalog dar. Durch Anklicken des Buttons \u201eBestellung absenden\u201c geben Sie eine verbindliche Bestellung der im Warenkorb enthaltenen Waren ab. Die Best\u00e4tigung des Eingangs der Bestellung folgt unmittelbar nach dem Absenden der Bestellung durch eine automatisierte E-Mail und stellt noch keine Vertragsannahme dar. Die Vertragsannahme findet erst statt, wenn Sie eine E-Mail von uns erhalten, mit der wir den Versand der Ware oder den Auftrag best\u00e4tigen. Wir k\u00f6nnen Ihre Bestellung innerhalb von f\u00fcnf Werktagen annehmen.<\/li>\n<li>Sie haben die M\u00f6glichkeit, den Kaufvertrag in deutscher oder englischer Sprache abzuschlie\u00dfen. Bestell- und Gesch\u00e4ftssprache ist ebenfalls wahlweise Deutsch oder Englisch.<\/li>\n<li>Kann easygoinc. das Angebot des Kunden nicht annehmen oder sind gewisse Produkte der Bestellung nicht mehr verf\u00fcgbar, wird dies dem Kunden unverz\u00fcglich\u00a0mitgeteilt.<\/li>\n<li>Bei Schreib-, Druck- und Rechenfehlern auf der Website ist easygoinc. zum R\u00fccktritt vom Vertrag berechtigt.<\/li>\n<li>Alle Angebote sind g\u00fcltig solange der Vorrat reicht. Falls der Lieferant von easygoinc. trotz vertraglicher Verpflichtung easygoinc. nicht mit der bestellten Ware beliefert, ist easygoinc. ebenfalls zum R\u00fccktritt berechtigt. In diesem Fall wird der Kunde unverz\u00fcglich dar\u00fcber informiert, dass das bestellte Produkt nicht zur Verf\u00fcgung steht. Der bereits bezahlte Kaufpreis wird innerhalb von 14 Werktagen (wobei Samstag nicht als Werktage z\u00e4hlt)\u00a0r\u00fcckerstattet oder auf Wunsch auf andere Waren aufgerechnet.<\/li>\n<li>Der Kunde hat ein Widerrufsrecht von 14 Tagen. Macht der Kunde von diesem Recht Gebrauch, tr\u00e4gt er die unmittelbaren Kosten der R\u00fccksendung der Ware.<\/li>\n<\/ol>\n<p>\u00a0<\/p>\n<p>Die Belehrung \u00fcber die Voraussetzungen und Folgen des Widerrufsrechts sind im Folgenden aufgef\u00fchrt:<\/p>\n<p>\u00a0<\/p>\n<h2 class=\"wp-block-heading\">\u00a0<\/h2>\n<h2 class=\"wp-block-heading\"><strong>WIDERRUFSBELEHRUNG<\/strong><\/h2>\n<p>\u00a0<\/p>\n<h3 class=\"wp-block-heading\"><strong>Widerrufsrecht<\/strong><\/h3>\n<p>\u00a0<\/p>\n<p>Du kannst deine Vertragserkl\u00e4rung innerhalb von 14 Tagen ohne Angabe von Gr\u00fcnden in Textform (z. B. Brief, Fax, E-Mail) oder \u2013 wenn dir die Sache vor Fristablauf \u00fcberlassen wird \u2013 auch durch R\u00fccksendung der Sache widerrufen. Die Frist beginnt nach Erhalt dieser Belehrung in Textform, jedoch nicht vor Eingang der Ware beim Empf\u00e4nger (bei der wiederkehrenden Lieferung gleichartiger Waren nicht vor Eingang der ersten Teillieferung) und auch nicht vor Erf\u00fcllung unserer Informationspflichten gem\u00e4\u00df Artikel 246 \u00a7 2 in Verbindung mit \u00a7 1 Abs. 1 und 2 EGBGB sowie unserer Pflichten gem\u00e4\u00df \u00a7 312g Abs. 1 Satz 1 BGB in Verbindung mit Artikel 246 \u00a7 3 EGBGB. Zur Wahrung der Widerrufsfrist gen\u00fcgt die rechtzeitige Absendung des Widerrufs oder der Sache.<\/p>\n<p>\u00a0<\/p>\n<p>Der Widerruf ist zu richten an:<br \/>easygoinc. GmbH<br \/>Reitschulgasse 3-5<br \/>A-4600 Wels<\/p>\n<p>\u00a0<\/p>\n<p><strong>E-Mail:\u00a0<\/strong><strong><a href=\"mailto:retoure@easygoinc.com\">retoure@easygoinc.com<\/a><\/strong><\/p>\n<p>\u00a0<\/p>\n<p>Die Waren sind zu senden an:<br \/>easygoinc. GmbH<br \/>Reitschulgasse 3-5<br \/>A-4600 Wels<\/p>\n<p>\u00a0<\/p>\n<h3 class=\"wp-block-heading\"><strong>Widerrufsfolgen<\/strong><\/h3>\n<p>\u00a0<\/p>\n<p>Im Falle eines wirksamen Widerrufs sind die beiderseits empfangenen Leistungen zur\u00fcckzugew\u00e4hren und ggf. gezogene Nutzungen (z. B. Zinsen) herauszugeben. Kannst du uns die empfangene Leistung sowie Nutzung (z.B. Gebrauchsvorteile) nicht oder teilweise nicht oder nur in verschlechtertem Zustand zur\u00fcckgew\u00e4hren beziehungsweise herausgeben, musst du uns insoweit Wertersatz leisten. F\u00fcr die Verschlechterung der Sache und f\u00fcr gezogene Nutzungen musst du Wertersatz nur leisten, soweit die Nutzungen oder die Verschlechterung auf einen Umgang mit der Sache zur\u00fcckzuf\u00fchren ist, der \u00fcber die Pr\u00fcfung der Eigenschaften und der Funktionsweise hinausgeht. Unter \u201ePr\u00fcfung der Eigenschaften und der Funktionsweise\u201c versteht man das Testen und Ausprobieren der jeweiligen Ware, wie es etwa im Ladengesch\u00e4ft m\u00f6glich und \u00fcblich ist. Paketversandf\u00e4hige Sachen sind auf unsere Gefahr zur\u00fcckzusenden. Der Kunde hat die regelm\u00e4\u00dfigen Kosten der R\u00fccksendung zu tragen. Verpflichtungen zur Erstattung von Zahlungen m\u00fcssen innerhalb von 30 Tagen erf\u00fcllt werden. Die Frist beginnt f\u00fcr dich mit der Absendung deiner Widerrufserkl\u00e4rung oder der Sache, f\u00fcr uns mit deren Empfang.<\/p>\n<p>\u00a0<\/p>\n<p>Beim Kauf von Produkten der Produktgruppe \u201eLongboards\u201c best\u00e4tigt der K\u00e4ufer mit Abschluss des Kaufs dass er sich im Klaren dar\u00fcber ist, dass er ein Sportger\u00e4t erwirbt, welches bei entsprechend intensiver Nutzung, die die normale Nutzung \u00fcbersteigt, irreversible Sch\u00e4den davontragen kann. Die von easygoinc. hergestellten Bretter sind als Skateboards im herk\u00f6mmlichen Sinne zu betrachten. Somit \u00fcbernimmt easygoinc. keine Verantwortung f\u00fcr Sch\u00e4den die durch Spr\u00fcnge aus gro\u00dfen H\u00f6hen,\u00a0 touchieren von Ecken und Kanten, etc. entstehen. Aufgrund von Produktionsfehlern reklamierte Produkte werden einzeln von uns untersucht und diesbez\u00fcglich bewertet.<\/p>\n<p>\u00a0<\/p>\n<h2 class=\"wp-block-heading\">\u00a0<\/h2>\n<h2 class=\"wp-block-heading\"><strong>ENDE DER WIDERRUFSBELEHRUNG<\/strong><\/h2>\n<p>\u00a0<\/p>\n<p>Das Widerrufsrecht besteht nicht bei Lieferung von Waren, die nach Kundenspezifikation angefertigt werden oder eindeutig auf die pers\u00f6nlichen Bed\u00fcrfnisse zugeschnitten (z.B.: Customboards) sind.<br \/><br \/><\/p>\n<h3 data-start=\"498\" data-end=\"648\"><strong data-start=\"498\" data-end=\"537\"><br \/>Ausnahme von R\u00fcckgabe und Umtausch<\/strong><\/h3>\n<p data-start=\"498\" data-end=\"648\">F\u00fcr folgende Produkte besteht <strong data-start=\"570\" data-end=\"593\">kein Widerrufsrecht<\/strong>, da sie individuell f\u00fcr den Kunden gefertigt werden:<\/p>\n<ul data-start=\"650\" data-end=\"1055\">\n<li data-start=\"650\" data-end=\"820\"><strong data-start=\"652\" data-end=\"694\">Naturfilz f\u00fcr Camperausbau<\/strong>\u00a0\u2013 Ma\u00dfgeschneiderter Zuschnitt, keine R\u00fcckgabe oder Umtausch m\u00f6glich. Zur Farbauswahl k\u00f6nnen <strong data-start=\"787\" data-end=\"801\">Filzmuster<\/strong> bestellt werden.<br \/><br \/><\/li>\n<li data-start=\"821\" data-end=\"934\"><strong data-start=\"823\" data-end=\"841\">Vanlife-Module<\/strong> \u2013 Individuell nach Kundenwunsch gefertigt, daher von R\u00fcckgabe und Umtausch ausgeschlossen.<br \/><br \/><\/li>\n<li data-start=\"935\" data-end=\"1055\"><strong data-start=\"937\" data-end=\"950\">Matratzen<\/strong> \u2013 Speziell f\u00fcr die jeweiligen Module angepasst und angefertigt, R\u00fcckgabe oder Umtausch ausgeschlossen.<\/li>\n<\/ul>\n<h3>\u00a0<\/h3>\n<h3 class=\"wp-block-heading\"><strong>Kostentragungsvereinbarung<\/strong><\/h3>\n<p>\u00a0<\/p>\n<p>Wird vom Widerrufsrecht Gebrauch gemacht, sind die regelm\u00e4\u00dfigen Kosten der R\u00fccksendung vom Kunden selbst zu tragen.<\/p>\n<p>\u00a0<\/p>\n<ol start=\"7\">\n<li>Erf\u00fcllungsort f\u00fcr Unternehmergesch\u00e4fte ist unser Firmenstandort.<\/li>\n<\/ol>\n<p>\u00a0<\/p>\n<h2 class=\"wp-block-heading\"><strong>\u00a73 LIEFERUNG<\/strong><\/h2>\n<p>\u00a0<\/p>\n<ol>\n<li>Sofern nicht anders vereinbart, erfolgt die Lieferung an die vom Kunden angegebene Lieferadresse.<\/li>\n<li>Die Lieferung erfolgt per Paketservice.<\/li>\n<li>Ist eine Lieferung an den Kunden nicht m\u00f6glich, weil der Kunde nicht unter der von ihm angegebenen Lieferadresse angetroffen wird, obwohl der Lieferzeitpunkt dem Kunden mit angemessener Frist angek\u00fcndigt wurde oder die Zustelladresse nicht korrekt angegeben wurde, tr\u00e4gt der Kunde die Kosten f\u00fcr die erfolglose Anlieferung.<\/li>\n<li>Die Lieferung erfolgt ab Lager, wo auch der Erf\u00fcllungsort der Lieferung erfolgt. Mit der \u00dcbergabe an den Kunden, geht die Gefahr auf den Kunden \u00fcber.<\/li>\n<li>Liefer- und Leistungsverz\u00f6gerungen aufgrund h\u00f6herer Gewalt hat easygoinc. nicht zu vertreten. Ereignisse h\u00f6herer Gewalt berechtigen easygoinc., die Lieferung um die Dauer der Behinderung und eine angemessene Anlaufzeit hinauszuschieben oder wegen des noch nicht erf\u00fcllten Teils vom Vertrag ganz oder teilweise zur\u00fcckzutreten. Der h\u00f6heren Gewalt stehen Streik, Naturkatastrophen, Krieg, Blockade, Aus- und Einfuhrverbote und sonstige hoheitliche Eingriffe gleich, und zwar einerlei, ob sie bei easygoinc. oder bei einem Lieferanten von easygoinc. eintreten.<\/li>\n<li>Vom Eintritt eines Ereignisses der h\u00f6heren Gewalt, das eine bevorstehende Lieferung behindern wird, haben wir den Kunden unverz\u00fcglich zu benachrichtigen.<\/li>\n<li>Geliefert wird weltweit, wobei f\u00fcr gewisse L\u00e4nder au\u00dferhalb Europas spezielle Sicherheitspr\u00fcfungen veranlasst werden m\u00fcssen, bevor die Lieferung durchgef\u00fchrt werden kann. Dies wird dann mit dem Kunden vorab abgekl\u00e4rt.<\/li>\n<\/ol>\n<p>\u00a0<\/p>\n<h2 class=\"wp-block-heading\">\u00a0<\/h2>\n<h2 class=\"wp-block-heading\"><strong>\u00a74 F\u00c4LLIGKEIT UND ZAHLUNG, VERZUG<\/strong><\/h2>\n<p>\u00a0<\/p>\n<ol>\n<li>Alle Produktpreise von easygoinc. enthalten die gesetzlichen Mehrwertsteuern\u00a0und sind in Euro ausgewiesen. Die Preise gelten zum Zeitpunkt der Bestellung inklusive Umsatzsteuer, zuz\u00fcglich aller mit dem Versand entstehenden Spesen bis auf Widerruf.<\/li>\n<li>Bei Kunden aus L\u00e4ndern au\u00dferhalb der EU zieht easygoinc. die Mehrwertsteuer ab. Die Abfuhr der l\u00e4nderspezifischen Einfuhr- und Umsatzsteuer obliegt dem Kunden und liegt nicht im Aufgabenbereich von easygoinc.. Anfallende Zolltarife sind vom Kunden zu entrichten.<\/li>\n<li>Der Kaufpreis wird unverz\u00fcglich mit der Bestellung f\u00e4llig.<\/li>\n<li>Der Kunde kann den Kaufpreis per Kreditkarte, Vorauskasse, Paypal und Sofort\u00fcberweisung bezahlen. Bei der Zahlungsart Paypal Express speichert easygoinc. die bei Paypal hinterlegte Email-Adresse und Lieferadresse, um die Bestellung bearbeiten zu k\u00f6nnen.<\/li>\n<li>Kommt der Kunde in Zahlungsverzug, so ist easygoinc. berechtigt, Verzugszinsen in H\u00f6he von 5% \u00fcber dem, von der \u00d6sterreichischen National Bank bekanntgegebenen, Basiszinssatz p.a. zu fordern. Falls easygoinc. ein h\u00f6herer Verzugsschaden entstanden ist, ist easygoinc<br \/>. berechtigt, diesen geltend zu machen.<\/li>\n<\/ol>\n<p>\u00a0<\/p>\n<h2 class=\"wp-block-heading\">\u00a0<\/h2>\n<h2 class=\"wp-block-heading\"><strong>\u00a75 AUFRECHNUNG, ZUR\u00dcCKBEHALTUNG<\/strong><\/h2>\n<p>\u00a0<\/p>\n<p>Ein Recht zur Aufrechnung steht dem Kunden nur zu, wenn seine Gegenanspr\u00fcche\u00a0rechtskr\u00e4ftig festgestellt oder von easygoinc. anerkannt sind. Zur Aus\u00fcbung eines\u00a0Zur\u00fcckbehaltungsrechts ist der Kunde nur insoweit befugt, als sein Gegenanspruch auf dem gleichen Vertragsverh\u00e4ltnis beruht.<\/p>\n<p>\u00a0<\/p>\n<h2 class=\"wp-block-heading\">\u00a0<\/h2>\n<h2 class=\"wp-block-heading\"><strong>\u00a76 EIGENTUMSVORBEHALT<\/strong><\/h2>\n<p>\u00a0<\/p>\n<p>Alle unsere Lieferungen und Leistungen erfolgen unter Eigentumsvorbehalt. Bis zur\u00a0vollst\u00e4ndigen Begleichung aller gegen den Kunden bestehenden Anspr\u00fcche verbleibt\u00a0die gelieferte Ware im Eigentum von easygoinc..<\/p>\n<p>\u00a0<\/p>\n<h2 class=\"wp-block-heading\">\u00a0<\/h2>\n<h2 class=\"wp-block-heading\"><strong>\u00a77 GEW\u00c4HRLEISTUNG<\/strong><\/h2>\n<p>\u00a0<\/p>\n<ol>\n<li>Die Gew\u00e4hrleistungsfrist erfolgt nach den gesetzlichen Bestimmungen. Diese betr\u00e4gt 2 Jahre und beginnt ab dem Zeitpunkt des Warenerhalts.<\/li>\n<li>Anspr\u00fcche gegen easygoinc. aus einer allenfalls \u00fcber Gew\u00e4hrleistungsanspr\u00fcche hinausgehenden Herstellergarantie sind, soweit gesetzlich zul\u00e4ssig, ausgeschlossen. Anspr\u00fcche aus einer Herstellergarantie stehen dem Kunden nur gegen\u00fcber dem Hersteller, der die Garantie zugesagt hat, zu.<\/li>\n<li>Die Gew\u00e4hrleistung erstreckt sich nicht auf den normalen Verschlei\u00df oder die Abnutzung durch Gebrauch.<\/li>\n<li>Liegt ein von easygoinc. zu vertretender Mangel der Kaufsache vor, ist easygoinc. nach eigener Wahl zur M\u00e4ngelbeseitigung oder zur Ersatzlieferung berechtigt. Ist easygoinc. zur M\u00e4ngelbeseitigung\/Ersatzlieferung nicht bereit oder nicht in der Lage oder verz\u00f6gert sich diese \u00fcber angemessene Fristen hinaus aus Gr\u00fcnden, die easygoinc. zu vertreten hat, oder schl\u00e4gt in sonstiger Weise die M\u00e4ngelbeseitigung\/Ersatzlieferung fehl, ist der Kunde nach seiner Wahl berechtigt, vom Vertrag zur\u00fcckzutreten oder eine entsprechende Minderung des Kaufpreises zu verlangen.<\/li>\n<li>Tritt ein Gew\u00e4hrleistungsfall bei einem, im Onlineshop erworbenen Produkt auf, so\u00a0kann der Kunde die Ware an die angegebene Kontaktadresse zur\u00fccksenden. Stellt\u00a0sich heraus, dass kein gew\u00e4hrleistungspflichtiger Mangel vorliegt, verrechnet easygoinc. dem Kunden den entstandenen Aufwand.<\/li>\n<li>Der Ersatz von (Mangel-) Folgesch\u00e4den, sowie sonstigen Sachsch\u00e4den, Verm\u00f6genssch\u00e4den und Sch\u00e4den Dritter gegen den Kunden, sofern es sich nicht um ein Verbrauchergesch\u00e4ft handelt, ist ausgeschlossen.<\/li>\n<\/ol>\n<p>\u00a0<\/p>\n<h2 class=\"wp-block-heading\">\u00a0<\/h2>\n<h2 class=\"wp-block-heading\"><strong>\u00a78 HAFTUNG<\/strong><\/h2>\n<p>\u00a0<\/p>\n<ol>\n<li>Weitere Anspr\u00fcche des Kunden gegen easygoinc. als die in \u00a7 7 geregelten Gew\u00e4hrleistungsanspr\u00fcche, insbesondere Schadenersatzanspr\u00fcche sind, soweit gesetzlich zul\u00e4ssig, ausgeschlossen. easygoinc. haftet somit nicht f\u00fcr Sch\u00e4den, die\u00a0nicht direkt am Liefergegenstand selbst entstanden sind und insbesondere nicht f\u00fcr\u00a0entgangenen Gewinn oder f\u00fcr sonstige Verm\u00f6genssch\u00e4den des Kunden. Soweit die\u00a0Haftung von easygoinc. ausgeschlossen oder beschr\u00e4nkt ist, gilt dies auch f\u00fcr die\u00a0pers\u00f6nliche Haftung von Arbeitnehmern, Vertretern und Erf\u00fcllungsgehilfen.<\/li>\n<li>Die Haftungsbeschr\u00e4nkung aus \u00a7 8 Abs.1 gilt nicht, soweit die Schadensursache\u00a0auf Vorsatz oder grober Fahrl\u00e4ssigkeit beruht oder ein Personenschaden vorliegt.<\/li>\n<li>easygoinc.\u00a0haftet nicht daf\u00fcr, dass die von ihrer Website angebotenen Dienste ohne Unterbrechung zug\u00e4nglich sind oder dass gespeicherte Daten erhalten bleiben.<\/li>\n<\/ol>\n<p>\u00a0<\/p>\n<h2 class=\"wp-block-heading\">\u00a0<\/h2>\n<h2 class=\"wp-block-heading\"><strong>\u00a79 LINKS UND VERWEISE<\/strong><\/h2>\n<p>\u00a0<\/p>\n<p>Die von\u00a0easygoinc.\u00a0gesetzten Links auf fremde Seiten stellen nur Wegweiser zu diesen Seiten dar; sie werden daher mittels externer Links in eigenen Browserfenstern dargestellt.\u00a0easygoinc. identifiziert sich nicht mit den Inhalten der Seiten auf die verwiesen wird und \u00fcbernimmt f\u00fcr diese keine Haftung.<\/p>\n<p>\u00a0<\/p>\n<h2 class=\"wp-block-heading\">\u00a0<\/h2>\n<h2 class=\"wp-block-heading\"><strong>\u00a710 INFORMATIONSPFLICHTEN<\/strong><\/h2>\n<p>\u00a0<\/p>\n<p>Der Kunde ist bei der Bestellung verpflichtet, wahrheitsgem\u00e4\u00dfe Angaben zu machen. Sofern sich Daten des Kunden \u00e4ndern, insbesondere Namen, Anschrift, E-Mail-Adresse, Telefonnummer, ist der Kunde verpflichtet\u00a0easygoinc.\u00a0diese \u00c4nderung unverz\u00fcglich durch \u00c4nderung der Angaben mitzuteilen. Unterl\u00e4sst der Kunde diese Information oder gibt er von vornherein falsche Daten, insbesondere eine falsche E-Mail- Adresse, an, so kann\u00a0easygoinc., soweit ein Vertrag zu Stande gekommen\u00a0ist, vom Vertrag zur\u00fccktreten.<\/p>\n<p>\u00a0<\/p>\n<h2 class=\"wp-block-heading\">\u00a0<\/h2>\n<h2 class=\"wp-block-heading\"><strong>\u00a711 ANWENDBARES RECHT UND GERICHTSSTAND<\/strong><\/h2>\n<p>\u00a0<\/p>\n<ol>\n<li>Es gilt \u00f6sterreichisches Recht.<\/li>\n<li>Es ist auf alle Rechtsgesch\u00e4fte zwischen\u00a0easygoinc.\u00a0und dem Kunden, soweit dem keine zwingenden gesetzlichen Bestimmungen entgegenstehen, ausschlie\u00dflich\u00a0\u00f6sterreichisches Recht unter Ausschluss seiner Verweisungsnormen und des UN-Kaufrechts anzuwenden.<\/li>\n<li>F\u00fcr Konsumenten i.S.d. Art. 5 EV\u00dc gelten deren nationale zwingende konsumentenschutzrechtliche Bestimmungen, es sei denn, die jeweiligen \u00f6sterreichischen Bestimmungen sind f\u00fcr den Konsumenten g\u00fcnstiger.<\/li>\n<li>Wenn der Kunde keinen allgemeinen Gerichtsstand im Inland hat, nach Vertragsabschluss seinen Wohnsitz oder gew\u00f6hnlichen Aufenthalt in das Ausland verlegt oder sein Wohnsitz oder gew\u00f6hnlicher Aufenthaltsort zum Zeitpunkt der Klageerhebung unbekannt ist, dann ist Wien ausschlie\u00dflicher Gerichtsstand f\u00fcr alle aus dem Vertragsverh\u00e4ltnis unmittelbar oder mittelbar resultierenden Streitigkeiten.<\/li>\n<li>Hat der Kunde im Inland seinen Wohnsitz oder seinen gew\u00f6hnlichen Aufenthalt oder ist er im Inland besch\u00e4ftigt, so kann f\u00fcr eine Klage gegen ihn nach den \u00a7\u00a7 88, 89, 93 Abs. 2 und 104 Abs.1 JN nur die Zust\u00e4ndigkeit des Gerichtes begr\u00fcndet werden, in dessen Sprengel der Wohnsitz, der gew\u00f6hnliche Aufenthalt oder der Ort der Besch\u00e4ftigung liegt. Dies gilt nicht f\u00fcr Rechtsstreitigkeiten, die bereits entstanden sind. F\u00fcr eventuelle gerichtliche Auseinandersetzungen aus dem Vertrag sind auch die zwingenden verbraucherrechtlichen Bestimmungen am Wohnsitz des Kunden auf das Vertragsverh\u00e4ltnis anwendbar.<\/li>\n<\/ol>\n<p>\u00a0<\/p>\n<h2 class=\"wp-block-heading\">\u00a0<\/h2>\n<h2 class=\"wp-block-heading\"><strong>\u00a712 SALVATORISCHE KLAUSEL<\/strong><\/h2>\n<p>\u00a0<\/p>\n<p>Werden einzelne Bestimmungen des vorliegenden Vertrages unwirksam oder undurchf\u00fchrbar oder nach Vertragsschluss unwirksam oder undurchf\u00fchrbar, bleibt die\u00a0Wirksamkeit der \u00fcbrigen Bestimmungen unber\u00fchrt. An die Stelle der unwirksamen oder undurchf\u00fchrbaren Bestimmung treten durchf\u00fchrbare und wirksame Regelungen, deren Wirkungen der wirtschaftlichen Zielsetzung am n\u00e4chsten kommen, die die Vertragsparteien mit der unwirksamen bzw. undurchf\u00fchrbaren Bestimmung verfolgt haben. Die vorstehenden Bestimmungen entsprechen ebenfalls f\u00fcr den Fall, dass sich der Vertrag als l\u00fcckenhaft erweist.<\/p>\n\n\t\t<\/div>\n\t\t\t\t\t<\/div>\n\n\t\n\n\n<style>\n#row-198010440 > .col > .col-inner {\n  padding: 0px 0px 0px 0px;\n}\n<\/style>\n<\/div>\n\n\t\t<\/div>\n\n\t\t\n<style>\n#section_2035384063 {\n  padding-top: 50px;\n  padding-bottom: 50px;\n}\n@media (min-width:550px) {\n  #section_2035384063 {\n    padding-top: 100px;\n    padding-bottom: 100px;\n  }\n}\n<\/style>\n\t<\/section>\n\t\n\n","protected":false},"excerpt":{"rendered":"","protected":false},"author":1,"featured_media":0,"parent":0,"menu_order":0,"comment_status":"closed","ping_status":"closed","template":"","meta":{"footnotes":""},"class_list":["post-107133","page","type-page","status-publish","hentry"],"_links":{"self":[{"href":"https:\/\/easygoinc.com\/de\/wp-json\/wp\/v2\/pages\/107133","targetHints":{"allow":["GET"]}}],"collection":[{"href":"https:\/\/easygoinc.com\/de\/wp-json\/wp\/v2\/pages"}],"about":[{"href":"https:\/\/easygoinc.com\/de\/wp-json\/wp\/v2\/types\/page"}],"author":[{"embeddable":true,"href":"https:\/\/easygoinc.com\/de\/wp-json\/wp\/v2\/users\/1"}],"replies":[{"embeddable":true,"href":"https:\/\/easygoinc.com\/de\/wp-json\/wp\/v2\/comments?post=107133"}],"version-history":[{"count":0,"href":"https:\/\/easygoinc.com\/de\/wp-json\/wp\/v2\/pages\/107133\/revisions"}],"wp:attachment":[{"href":"https:\/\/easygoinc.com\/de\/wp-json\/wp\/v2\/media?parent=107133"}],"curies":[{"name":"wp","href":"https:\/\/api.w.org\/{rel}","templated":true}]}}