{"id":63312,"date":"2023-01-17T08:51:05","date_gmt":"2023-01-17T06:51:05","guid":{"rendered":"https:\/\/easygoinc.com\/jobs\/"},"modified":"2026-03-03T13:02:52","modified_gmt":"2026-03-03T11:02:52","slug":"jobs","status":"publish","type":"page","link":"https:\/\/easygoinc.com\/de\/jobs\/","title":{"rendered":"Jobs"},"content":{"rendered":"\n\n\t<section class=\"section dark\" id=\"section_1910132536\">\n\t\t<div class=\"section-bg fill\" >\n\t\t\t<img loading=\"lazy\" decoding=\"async\" width=\"2048\" height=\"1536\" src=\"https:\/\/easygoinc.com\/wp-content\/uploads\/2023\/04\/ROAMER-XL-CTA-1-scaled-scaled.jpg\" class=\"bg attachment- size-\" alt=\"\" \/>\t\t\t\t\t\t<div class=\"section-bg-overlay absolute fill\"><\/div>\n\t\t\t\n\n\t\t<\/div>\n\n\t\t\n\n\t\t<div class=\"section-content relative\">\n\t\t\t\n\n<div class=\"row align-bottom align-center\" style=\"max-width:1200px\" id=\"row-1611646060\">\n\n\n\t<div id=\"col-1998271312\" class=\"col medium-9 small-12 large-7\"  >\n\t\t\t\t<div class=\"col-inner text-center\"  >\n\t\t\t\n\t\t\t\n\n\t<div id=\"text-3455991351\" class=\"text\">\n\t\t\n\n<h1 style=\"margin:0; font-size:3rem !important;\">Jobs by easygoinc.<\/h1>\n\t\t\n<style>\n#text-3455991351 {\n  font-size: 2rem;\n  line-height: 1.2;\n  text-align: center;\n}\n@media (min-width:550px) {\n  #text-3455991351 {\n    font-size: 2rem;\n  }\n}\n<\/style>\n\t<\/div>\n\t\n\t<div id=\"gap-1803903658\" class=\"gap-element clearfix\" style=\"display:block; height:auto;\">\n\t\t\n<style>\n#gap-1803903658 {\n  padding-top: 30px;\n}\n<\/style>\n\t<\/div>\n\t\n\n<a href=\"#offene-stellen\" class=\"button primary lowercase\" >\n\t\t<span>Verf\u00fcgbare Jobs<\/span>\n\t<\/a>\n\n\n\n\t\t<\/div>\n\t\t\t\t\n<style>\n#col-1998271312 > .col-inner {\n  padding: 50px 0px 50px 0px;\n}\n<\/style>\n\t<\/div>\n\n\t\n\n<\/div>\n\n\t\t<\/div>\n\n\t\t\n<style>\n#section_1910132536 {\n  padding-top: 0px;\n  padding-bottom: 0px;\n  min-height: 50vh;\n}\n#section_1910132536 .section-bg-overlay {\n  background-color: rgba(0, 0, 0, 0.209);\n}\n#section_1910132536 .section-bg img {\n  object-position: 60% 52%;\n}\n@media (min-width:550px) {\n  #section_1910132536 {\n    min-height: 60vh;\n  }\n}\n@media (min-width:850px) {\n  #section_1910132536 {\n    min-height: 40vh;\n  }\n}\n<\/style>\n\t<\/section>\n\t\n\n\t<section class=\"section\" id=\"section_522840895\">\n\t\t<div class=\"section-bg fill\" >\n\t\t\t\t\t\t\t\t\t\n\t\t\t\n\n\t\t<\/div>\n\n\t\t\n\n\t\t<div class=\"section-content relative\">\n\t\t\t\n\n\t<div id=\"gap-1865057985\" class=\"gap-element clearfix\" style=\"display:block; height:auto;\">\n\t\t\n<style>\n#gap-1865057985 {\n  padding-top: 50px;\n}\n<\/style>\n\t<\/div>\n\t\n\n<div class=\"row\"  id=\"row-1566167069\">\n\n\n\t<div id=\"col-1912309762\" class=\"col medium-6 small-12 large-6\"  >\n\t\t\t\t<div class=\"col-inner\"  >\n\t\t\t\n\t\t\t\n\n<h2 style=\"margin-bottom: 10px;\">Wir suchen dich!<\/h2>\n<p>Hallo, wir sind easygoinc.! Das <strong>VANLIFE-Kompetenzzentrum<\/strong> aus \u00d6sterreich. Unseren Hauptstandort haben wir in <strong>Wels, Ober\u00f6sterreich<\/strong>.<\/p>\n<p>Seit einigen Jahren sind wir in der Campingbranche t\u00e4tig und bem\u00fchen uns tagt\u00e4glich die beste Anlaufstelle f\u00fcr all jene zu sein, die das Reisen im Van\/Bus lieben.<br \/>Wir stellen hochqualitative Eigenprodukte (Systeml\u00f6sungen und Komplettfahrzeuge) her und stellen unseren Kunden au\u00dferdem ein ausgew\u00e4hltes Sortiment an essentiellen Produkten rund um das VANLIFE \u00fcber unseren Webshop zur Verf\u00fcgung.<\/p>\n\n\t\t<\/div>\n\t\t\t\t\t<\/div>\n\n\t\n\n\t<div id=\"col-1931550139\" class=\"col hero-jobs medium-6 small-12 large-6\"  >\n\t\t\t\t<div class=\"col-inner\"  >\n\t\t\t\n\t\t\t\n\n\t<div class=\"img has-hover x md-x lg-x y md-y lg-y\" id=\"image_1947440523\">\n\t\t\t\t\t\t\t\t<div class=\"img-inner dark\" >\n\t\t\t<img loading=\"lazy\" decoding=\"async\" width=\"1020\" height=\"574\" src=\"https:\/\/easygoinc.com\/wp-content\/uploads\/2023\/01\/easygoinc._-_jobs_-_hero-1.jpg\" class=\"attachment-large size-large\" alt=\"\" \/>\t\t\t\t\t\t\n\t\t\t\t\t<\/div>\n\t\t\t\t\t\t\t\t\n<style>\n#image_1947440523 {\n  width: 100%;\n}\n<\/style>\n\t<\/div>\n\t\n\n\n\t\t<\/div>\n\t\t\t\t\t<\/div>\n\n\t\n\n<\/div>\n<div class=\"row\"  id=\"row-1149402807\">\n\n\n\t<div id=\"col-955779786\" class=\"col small-12 large-12\"  >\n\t\t\t\t<div class=\"col-inner\"  >\n\t\t\t\n\t\t\t\n\n<h2>Unsere Vision<\/h2>\n<p>Als Team schaffen wir Produkte f\u00fcr mobiles Leben. Wir n\u00fctzen zeitgem\u00e4\u00dfe, zukunftsorientierte Techniken und Wege, um unseren Kunden diese Produkte zur Verf\u00fcgung zu stellen. Mit unseren Kunden verbindet uns die Gewissheit, dass uns das flexible Reisen zu einem gl\u00fccklicheren Menschen macht \u2013 zu uns selbst. Einfache L\u00f6sungen machen das Leben unkompliziert und frei. Aus diesem Grund l\u00f6sen wir die Probleme unserer Kunden mit h\u00f6chstm\u00f6glichem Qualit\u00e4tsanspruch, um sie und uns nachhaltig gl\u00fccklich zu machen.<\/p>\n\n\t\t<\/div>\n\t\t\t\t\t<\/div>\n\n\t\n\n<\/div>\n\n\t\t<\/div>\n\n\t\t\n<style>\n#section_522840895 {\n  padding-top: 30px;\n  padding-bottom: 30px;\n}\n<\/style>\n\t<\/section>\n\t\n\n\t<section class=\"section\" id=\"section_46739291\">\n\t\t<div class=\"section-bg fill\" >\n\t\t\t\t\t\t\t\t\t\n\t\t\t\n\n\t\t<\/div>\n\n\t\t\n\n\t\t<div class=\"section-content relative\">\n\t\t\t\n\n<span class=\"scroll-to\" data-label=\"Scroll to: #offene-stellen\" data-bullet=\"false\" data-link=\"#offene-stellen\" data-title=\"offene-stellen\"><a name=\"offene-stellen\"><\/a><\/span>\n\n<div class=\"row\"  id=\"row-770740991\">\n\n\n\t<div id=\"col-1959575062\" class=\"col small-12 large-12\"  >\n\t\t\t\t<div class=\"col-inner\"  >\n\t\t\t\n\t\t\t\n\n\t<div id=\"gap-249626007\" class=\"gap-element clearfix\" style=\"display:block; height:auto;\">\n\t\t\n<style>\n#gap-249626007 {\n  padding-top: 50px;\n}\n<\/style>\n\t<\/div>\n\t\n\n<h1 style=\"margin-bottom: 0px;\">Offene Stellen:<\/h1>\n<div class=\"is-divider divider clearfix\" style=\"max-width:100%;background-color:rgb(76, 80, 87);\"><\/div>\n\n\n\t\t<\/div>\n\t\t\t\t\t<\/div>\n\n\t\n\n<\/div>\n<div class=\"row\"  id=\"row-700992466\">\n\n\n\t<div id=\"col-1568623039\" class=\"col small-12 large-12\"  >\n\t\t\t\t<div class=\"col-inner\"  >\n\t\t\t\n\t\t\t\n\n<h3>BUCHHALTUNG<\/h3>\n<a href=\"https:\/\/easygoinc.com\/wp-content\/uploads\/2025\/09\/Eg_Stellenausschreibung_Buchhaltung_2025.pdf\" target=\"_blank\" class=\"button primary lowercase\" rel=\"noopener\" >\n\t\t<span>Mehr Informationen<\/span>\n\t<\/a>\n\n\n<a href=\"mailto:job@easygoinc.com?subject=Bewerbung%20KFZ-Techniker:in\" target=\"_blank\" class=\"button primary lowercase\" rel=\"noopener\" >\n\t\t<span>Jetzt Bewerben!<\/span>\n\t<\/a>\n\n\n\t<div id=\"gap-182404401\" class=\"gap-element clearfix\" style=\"display:block; height:auto;\">\n\t\t\n<style>\n#gap-182404401 {\n  padding-top: 30px;\n}\n<\/style>\n\t<\/div>\n\t\n\n<div class=\"text-center\"><div class=\"is-divider divider clearfix\" style=\"max-width:100%;\"><\/div><\/div>\n\n\n\t\t<\/div>\n\t\t\t\t\t<\/div>\n\n\t\n\n<\/div>\n<div class=\"row\"  id=\"row-19000590\">\n\n\n\t<div id=\"col-197462911\" class=\"col small-12 large-12\"  >\n\t\t\t\t<div class=\"col-inner\"  >\n\t\t\t\n\t\t\t\n\n<h3>PRODUKTION-KFZ-TECHNIKER:IN<\/h3>\n<a href=\"https:\/\/easygoinc.com\/wp-content\/uploads\/2024\/09\/Eg_Stellenausschreibung_KFZ-TechnikerIn_2024.pdf\" target=\"_blank\" class=\"button primary lowercase\" rel=\"noopener\" >\n\t\t<span>Mehr Informationen<\/span>\n\t<\/a>\n\n\n<a href=\"mailto:job@easygoinc.com?subject=Bewerbung%20KFZ-Techniker:in\" target=\"_blank\" class=\"button primary lowercase\" rel=\"noopener\" >\n\t\t<span>Jetzt Bewerben!<\/span>\n\t<\/a>\n\n\n\t<div id=\"gap-1929193487\" class=\"gap-element clearfix\" style=\"display:block; height:auto;\">\n\t\t\n<style>\n#gap-1929193487 {\n  padding-top: 30px;\n}\n<\/style>\n\t<\/div>\n\t\n\n<div class=\"text-center\"><div class=\"is-divider divider clearfix\" style=\"max-width:100%;\"><\/div><\/div>\n\n\n\t\t<\/div>\n\t\t\t\t\t<\/div>\n\n\t\n\n<\/div>\n<div class=\"row\"  id=\"row-1725909229\">\n\n\n\t<div id=\"col-1053840113\" class=\"col small-12 large-12\"  >\n\t\t\t\t<div class=\"col-inner\"  >\n\t\t\t\n\t\t\t\n\n<h3>PRODUKTION-KFZ-MECHANIKER:IN<\/h3>\n\n<a href=\"https:\/\/easygoinc.com\/wp-content\/uploads\/2026\/03\/Eg_Stellenausschreibung_KFZ-Mechaniker_2026.pdf\" target=\"_blank\" class=\"button primary lowercase\" rel=\"noopener\" >\n\t\t<span>Mehr Informationen<\/span>\n\t<\/a>\n\n\n<a href=\"mailto:job@easygoinc.com?subject=Bewerbung%20KFZ-Techniker:in\" target=\"_blank\" class=\"button primary lowercase\" rel=\"noopener\" >\n\t\t<span>Jetzt Bewerben!<\/span>\n\t<\/a>\n\n\n\t<div id=\"gap-1654126105\" class=\"gap-element clearfix\" style=\"display:block; height:auto;\">\n\t\t\n<style>\n#gap-1654126105 {\n  padding-top: 30px;\n}\n<\/style>\n\t<\/div>\n\t\n\n<div class=\"text-center\"><div class=\"is-divider divider clearfix\" style=\"max-width:100%;\"><\/div><\/div>\n\n\n\t\t<\/div>\n\t\t\t\t\t<\/div>\n\n\t\n\n<\/div>\n<div class=\"row\"  id=\"row-197368683\">\n\n\n\t<div id=\"col-1477613807\" class=\"col small-12 large-12\"  >\n\t\t\t\t<div class=\"col-inner\"  >\n\t\t\t\n\t\t\t\n\n<h3>KONSTRUKTEUR:IN<\/h3>\n\n<a href=\"https:\/\/easygoinc.com\/wp-content\/uploads\/2026\/02\/Eg_Stellenausschreibung_CAD-Konstrukteur-2.pdf\" target=\"_blank\" class=\"button primary lowercase\" rel=\"noopener\" >\n\t\t<span>Mehr Informationen<\/span>\n\t<\/a>\n\n\n<a href=\"mailto:job@easygoinc.com?subject=Bewerbung%20KFZ-Techniker:in\" target=\"_blank\" class=\"button primary lowercase\" rel=\"noopener\" >\n\t\t<span>Jetzt Bewerben!<\/span>\n\t<\/a>\n\n\n\t<div id=\"gap-1014280354\" class=\"gap-element clearfix\" style=\"display:block; height:auto;\">\n\t\t\n<style>\n#gap-1014280354 {\n  padding-top: 30px;\n}\n<\/style>\n\t<\/div>\n\t\n\n<div class=\"text-center\"><div class=\"is-divider divider clearfix\" style=\"max-width:100%;\"><\/div><\/div>\n\n\n\t\t<\/div>\n\t\t\t\t\t<\/div>\n\n\t\n\n<\/div>\n<div class=\"row\"  id=\"row-1377721100\">\n\n\n\t<div id=\"col-1887295823\" class=\"col small-12 large-12\"  >\n\t\t\t\t<div class=\"col-inner\"  >\n\t\t\t\n\t\t\t\n\n<h3>PRODUKTION-CARAVAN-INNENAUSBAU<\/h3>\n<a href=\"https:\/\/easygoinc.com\/wp-content\/uploads\/2024\/04\/Eg_Stellenausschreibung_CarvanInnenausbau_2024-1.pdf\" target=\"_blank\" class=\"button primary lowercase\" rel=\"noopener\" >\n\t\t<span>Mehr Informationen<\/span>\n\t<\/a>\n\n\n<a href=\"mailto:job@easygoinc.com?subject=Bewerbung%20Caravan-Innenausbau\" target=\"_blank\" class=\"button primary lowercase\" rel=\"noopener\" >\n\t\t<span>Jetzt Bewerben!<\/span>\n\t<\/a>\n\n\n\t<div id=\"gap-1633618714\" class=\"gap-element clearfix\" style=\"display:block; height:auto;\">\n\t\t\n<style>\n#gap-1633618714 {\n  padding-top: 30px;\n}\n<\/style>\n\t<\/div>\n\t\n\n<div class=\"text-center\"><div class=\"is-divider divider clearfix\" style=\"max-width:100%;\"><\/div><\/div>\n\n\n\t\t<\/div>\n\t\t\t\t\t<\/div>\n\n\t\n\n<\/div>\n<div class=\"row\"  id=\"row-416140968\">\n\n\n\t<div id=\"col-2136379438\" class=\"col small-12 large-12\"  >\n\t\t\t\t<div class=\"col-inner\"  >\n\t\t\t\n\t\t\t\n\n<h3>FERTIGUNGS- UND LAGER-SUPERHERO<\/h3>\n<a href=\"https:\/\/easygoinc.com\/wp-content\/uploads\/2025\/06\/Eg_Stellenausschreibung_Fertigung_2025-1.pdf\" target=\"_blank\" class=\"button primary lowercase\" rel=\"noopener\" >\n\t\t<span>Mehr Informationen<\/span>\n\t<\/a>\n\n\n<a href=\"mailto:job@easygoinc.com?subject=Bewerbung%20Caravan-Innenausbau\" target=\"_blank\" class=\"button primary lowercase\" rel=\"noopener\" >\n\t\t<span>Jetzt Bewerben!<\/span>\n\t<\/a>\n\n\n\t<div id=\"gap-133827840\" class=\"gap-element clearfix\" style=\"display:block; height:auto;\">\n\t\t\n<style>\n#gap-133827840 {\n  padding-top: 30px;\n}\n<\/style>\n\t<\/div>\n\t\n\n<div class=\"text-center\"><div class=\"is-divider divider clearfix\" style=\"max-width:100%;\"><\/div><\/div>\n\n\n\t\t<\/div>\n\t\t\t\t\t<\/div>\n\n\t\n\n<\/div>\n\n\t\t<\/div>\n\n\t\t\n<style>\n#section_46739291 {\n  padding-top: 30px;\n  padding-bottom: 30px;\n}\n<\/style>\n\t<\/section>\n\t\n\n\t<section class=\"section\" id=\"section_1353953745\">\n\t\t<div class=\"section-bg fill\" >\n\t\t\t\t\t\t\t\t\t\n\t\t\t\n\n\t\t<\/div>\n\n\t\t\n\n\t\t<div class=\"section-content relative\">\n\t\t\t\n\n\n\t\t<\/div>\n\n\t\t\n<style>\n#section_1353953745 {\n  padding-top: 0px;\n  padding-bottom: 0px;\n}\n<\/style>\n\t<\/section>\n\t\n\n","protected":false},"excerpt":{"rendered":"","protected":false},"author":1,"featured_media":43787,"parent":0,"menu_order":0,"comment_status":"closed","ping_status":"closed","template":"page-blank.php","meta":{"footnotes":""},"class_list":["post-63312","page","type-page","status-publish","has-post-thumbnail","hentry"],"_links":{"self":[{"href":"https:\/\/easygoinc.com\/de\/wp-json\/wp\/v2\/pages\/63312","targetHints":{"allow":["GET"]}}],"collection":[{"href":"https:\/\/easygoinc.com\/de\/wp-json\/wp\/v2\/pages"}],"about":[{"href":"https:\/\/easygoinc.com\/de\/wp-json\/wp\/v2\/types\/page"}],"author":[{"embeddable":true,"href":"https:\/\/easygoinc.com\/de\/wp-json\/wp\/v2\/users\/1"}],"replies":[{"embeddable":true,"href":"https:\/\/easygoinc.com\/de\/wp-json\/wp\/v2\/comments?post=63312"}],"version-history":[{"count":46,"href":"https:\/\/easygoinc.com\/de\/wp-json\/wp\/v2\/pages\/63312\/revisions"}],"predecessor-version":[{"id":110633,"href":"https:\/\/easygoinc.com\/de\/wp-json\/wp\/v2\/pages\/63312\/revisions\/110633"}],"wp:featuredmedia":[{"embeddable":true,"href":"https:\/\/easygoinc.com\/de\/wp-json\/wp\/v2\/media\/43787"}],"wp:attachment":[{"href":"https:\/\/easygoinc.com\/de\/wp-json\/wp\/v2\/media?parent=63312"}],"curies":[{"name":"wp","href":"https:\/\/api.w.org\/{rel}","templated":true}]}}