{"id":63314,"date":"2023-01-11T09:23:52","date_gmt":"2023-01-11T07:23:52","guid":{"rendered":"https:\/\/easygoinc.com\/standorte-oeffnungszeiten\/"},"modified":"2025-04-28T10:35:30","modified_gmt":"2025-04-28T08:35:30","slug":"standorte-oeffnungszeiten","status":"publish","type":"page","link":"https:\/\/easygoinc.com\/de\/standorte-oeffnungszeiten\/","title":{"rendered":"Standorte und \u00d6ffnungszeiten"},"content":{"rendered":"\n\n\t<section class=\"section\" id=\"section_228498259\">\n\t\t<div class=\"section-bg fill\" >\n\t\t\t\t\t\t\t\t\t\n\t\t\t\n\n\t\t<\/div>\n\n\t\t\n\n\t\t<div class=\"section-content relative\">\n\t\t\t\n\n\t<div id=\"gap-1605343244\" class=\"gap-element clearfix\" style=\"display:block; height:auto;\">\n\t\t\n<style>\n#gap-1605343244 {\n  padding-top: 50px;\n}\n<\/style>\n\t<\/div>\n\t\n\n<h2 style=\"margin-bottom:40px;\">VANLIFE Kompetenzzentrum \u00d6sterreich<\/h2>\n<div class=\"row\"  id=\"row-461070205\">\n\n\n\t<div id=\"col-1904430375\" class=\"col medium-6 small-12 large-6\"  >\n\t\t\t\t<div class=\"col-inner\"  >\n\t\t\t\n\t\t\t\n\n<h3>Headquarter Wels<\/h3>\n<p style=\"font-size: 1.5rem; margin-bottom: 0;\"><b>eg.one GmbH<\/b><\/p>\n<p>Sengerstra\u00dfe 22<br \/>AT-4600 Wels<\/p>\n<p><a href=\"tel:+436606290245\">+43 (0) 660 629 0 245<\/a><br \/><a href=\"mailto:contact@easygoinc.com\">contact@easygoinc.com<\/a><\/p>\n\n\t\t<\/div>\n\t\t\t\t\t<\/div>\n\n\t\n\n\t<div id=\"col-1552907568\" class=\"col medium-6 small-12 large-6\"  >\n\t\t\t\t<div class=\"col-inner\"  >\n\t\t\t\n\t\t\t\n\n<h3>GUTE BERATUNG BRAUCHT ZEIT!<\/h3>\n<p>Aufgrund erh\u00f6hter Nachfrage sind Termine derzeit nur nach Vereinbarung m\u00f6glich. Wir bitten um Geduld und Verst\u00e4ndnis.<\/p>\n<p><p><strong>Hinweis:<\/strong> Besichtigungen, Anlieferungen &#038; Abholungen nach Absprache auch au\u00dferhalb der \u00d6ffnungszeiten m\u00f6glich.<\/p>\n<\/p>\n<h3>\u00d6ffnungszeiten:<\/h3>\n<p>Mittwoch \u2013 Donnerstag: 9:00 \u2013 12:00 Uhr und 13:00 \u2013 16:00 Uhr <br \/>Freitag: 9:00 \u2013 12:00 Uhr<\/p>\n<h3>Hotline-Zeiten:<\/h3>\n<p>Dienstag \u2013 Donnerstag: 9:00 \u2013 12:00 Uhr und 13:00 \u2013 16:00 Uhr<\/p>\n\n\t\t<\/div>\n\t\t\t\t\t<\/div>\n\n\t\n\n<\/div>\n<div class=\"row\"  id=\"row-13356804\">\n\n\n\t<div id=\"col-84100443\" class=\"col medium-6 small-12 large-6\"  >\n\t\t\t\t<div class=\"col-inner\"  >\n\t\t\t\n\t\t\t\n\n\n\n<iframe src=\"https:\/\/www.google.com\/maps\/embed?pb=!1m18!1m12!1m3!1d5415.910428070184!2d13.985776042713336!3d48.150607645838896!2m3!1f0!2f0!3f0!3m2!1i1024!2i768!4f13.1!3m3!1m2!1s0x4773f384b9cc5b99%3A0xa3c19e51ed6e5f2!2seasygoinc.!5e1!3m2!1sde!2sat!4v1745829004479!5m2!1sde!2sat\" width=\"600\" height=\"450\" style=\"border:0;\" allowfullscreen=\"\" loading=\"lazy\" referrerpolicy=\"no-referrer-when-downgrade\"><\/iframe>\n\n\n\t\t<\/div>\n\t\t\t\t\t<\/div>\n\n\t\n\n\t<div id=\"col-1344439875\" class=\"col medium-6 small-12 large-6\"  >\n\t\t\t\t<div class=\"col-inner\"  >\n\t\t\t\n\t\t\t\n\n\n\n<iframe src=\"https:\/\/www.google.com\/maps\/embed?pb=!4v1673429312808!6m8!1m7!1sCAoSLEFGMVFpcE1WSnBnLXhUNlZ6ZE1yQlVrMGx3c2ZoTXE5UzNBMS03S2hsUU8w!2m2!1d48.166269825804!2d14.035226544945!3f344.3!4f-1.5300000000000011!5f0.7069656076340867\" style=\"border:0;\" allowfullscreen=\"\" loading=\"lazy\" referrerpolicy=\"no-referrer-when-downgrade\" width=\"600\" height=\"450\"><\/iframe>\n\n\n\t\t<\/div>\n\t\t\t\t\t<\/div>\n\n\t\n\n<\/div>\n\n\t\t<\/div>\n\n\t\t\n<style>\n#section_228498259 {\n  padding-top: 30px;\n  padding-bottom: 30px;\n}\n<\/style>\n\t<\/section>\n\t\n\n\n","protected":false},"excerpt":{"rendered":"","protected":false},"author":1,"featured_media":46430,"parent":0,"menu_order":0,"comment_status":"closed","ping_status":"closed","template":"","meta":{"footnotes":""},"class_list":["post-63314","page","type-page","status-publish","has-post-thumbnail","hentry"],"_links":{"self":[{"href":"https:\/\/easygoinc.com\/de\/wp-json\/wp\/v2\/pages\/63314","targetHints":{"allow":["GET"]}}],"collection":[{"href":"https:\/\/easygoinc.com\/de\/wp-json\/wp\/v2\/pages"}],"about":[{"href":"https:\/\/easygoinc.com\/de\/wp-json\/wp\/v2\/types\/page"}],"author":[{"embeddable":true,"href":"https:\/\/easygoinc.com\/de\/wp-json\/wp\/v2\/users\/1"}],"replies":[{"embeddable":true,"href":"https:\/\/easygoinc.com\/de\/wp-json\/wp\/v2\/comments?post=63314"}],"version-history":[{"count":9,"href":"https:\/\/easygoinc.com\/de\/wp-json\/wp\/v2\/pages\/63314\/revisions"}],"predecessor-version":[{"id":107640,"href":"https:\/\/easygoinc.com\/de\/wp-json\/wp\/v2\/pages\/63314\/revisions\/107640"}],"wp:featuredmedia":[{"embeddable":true,"href":"https:\/\/easygoinc.com\/de\/wp-json\/wp\/v2\/media\/46430"}],"wp:attachment":[{"href":"https:\/\/easygoinc.com\/de\/wp-json\/wp\/v2\/media?parent=63314"}],"curies":[{"name":"wp","href":"https:\/\/api.w.org\/{rel}","templated":true}]}}