{"id":63316,"date":"2023-01-11T08:35:47","date_gmt":"2023-01-11T06:35:47","guid":{"rendered":"https:\/\/easygoinc.com\/impressum\/"},"modified":"2025-07-09T08:44:57","modified_gmt":"2025-07-09T06:44:57","slug":"impressum","status":"publish","type":"page","link":"https:\/\/easygoinc.com\/de\/impressum\/","title":{"rendered":"Impressum"},"content":{"rendered":"\n\n\t<section class=\"section\" id=\"section_138478632\">\n\t\t<div class=\"section-bg fill\" >\n\t\t\t\t\t\t\t\t\t\n\t\t\t\n\n\t\t<\/div>\n\n\t\t\n\n\t\t<div class=\"section-content relative\">\n\t\t\t\n\n<div class=\"row\"  id=\"row-2023487124\">\n\n\n\t<div id=\"col-1231061696\" class=\"col small-12 large-12\"  >\n\t\t\t\t<div class=\"col-inner\"  >\n\t\t\t\n\t\t\t\n\n\t<div id=\"text-875364773\" class=\"text\">\n\t\t\n\n<h1 class=\"wp-block-heading\" style=\"text-align: center;\">Impressum<\/h1>\n\t\t\n<style>\n#text-875364773 {\n  font-size: 1.5rem;\n}\n@media (min-width:850px) {\n  #text-875364773 {\n    font-size: 2rem;\n  }\n}\n<\/style>\n\t<\/div>\n\t\n<p style=\"text-align: center;\">Informationen nach \u00a75\/1 ECG<\/p>\n<h2>\u00a0<\/h2>\n<h2 class=\"wp-block-heading\">eg.one GmbH<\/h2>\n<p>Adresse: Sengerstra\u00dfe 22, 4600 Wels<br \/>Telefon: <a href=\"tel:+436606290245\">+43 (0) 660 629 0 245<\/a><br \/>E-Mail: <a href=\"mailto:contact@easygoinc.com\">contact@easygoinc.com<\/a><\/p>\n<p>UID: ATU81923457<br \/>FN 650346t<\/p>\n<p>Unternehmensgegenstand: Camping Aufbauhersteller<br \/>Firmensitz: Wels<\/p>\n<p>All copyrights belong to the eg.one GmbH<\/p>\n<p>Informationspflicht lt. ECG und Mediengesetz<\/p>\n<h3>Hinweis zur Marke<\/h3>\n<p><span data-teams=\"true\">Die \u201eeg.one GmbH\u201c ist die rechtlich verantwortliche Gesellschaft hinter der operativ t\u00e4tigen Marke <strong>easygoinc.<\/strong> In diesem Impressum werden die Begriffe \u201eeg.one GmbH\u201c und \u201eeasygoinc.\u201c gegebenenfalls synonym verwendet, wobei stets die <strong>eg.one GmbH<\/strong> als juristische Person gemeint ist.<\/span><\/p>\n<h3 class=\"wp-block-heading\">Rechtliche Hinweise<\/h3>\n<p>Eine Verwendung oder Vervielf\u00e4ltigung der auf easygoinc.com enthaltenen Texte, Grafiken, Bilder oder Dokumente oder Teile davon ist nur mit ausdr\u00fccklicher Zustimmung der eg.one GmbH gestattet.<\/p>\n<p>Es ist m\u00f6glich, durch die auf dieser Website angegebenen Hyperlinks zu anderen Websites zu gelangen, die nicht von easygoinc. betrieben werden. Die eg.one GmbH weist ausdr\u00fccklich darauf hin, dass sie keine Verantwortung f\u00fcr die Inhalte und die Gestaltung der mit easygoinc.com verlinkten Seiten \u00fcbernimmt.<\/p>\n<p>Diese Website wurde mit gr\u00f6\u00dftm\u00f6glicher Sorgfalt zusammengestellt. Trotzdem \u00fcbernimmt easygoinc.\u00a0f\u00fcr die Richtigkeit, Vollst\u00e4ndigkeit und Aktualit\u00e4t der enthaltenen Informationen keinerlei Haftung. easygoinc.\u00a0haftet in keinem Fall f\u00fcr etwaige direkte oder indirkete Sch\u00e4den oder Folgesch\u00e4den, die als Folge des Informationsgebrauchs dieser Site oder durch Zugriff \u00fcber Links auf andere Websites entstehen.<\/p>\n<h3>\u00a0<\/h3>\n<h3 class=\"wp-block-heading\">Beschwerdeverfahren<\/h3>\n[gzd_complaints]\n\n\t\t<\/div>\n\t\t\t\t\t<\/div>\n\n\t\n\n<\/div>\n\n\t\t<\/div>\n\n\t\t\n<style>\n#section_138478632 {\n  padding-top: 50px;\n  padding-bottom: 50px;\n}\n@media (min-width:550px) {\n  #section_138478632 {\n    padding-top: 100px;\n    padding-bottom: 100px;\n  }\n}\n<\/style>\n\t<\/section>\n\t\n\n","protected":false},"excerpt":{"rendered":"","protected":false},"author":1,"featured_media":0,"parent":0,"menu_order":0,"comment_status":"closed","ping_status":"closed","template":"","meta":{"footnotes":""},"class_list":["post-63316","page","type-page","status-publish","hentry"],"_links":{"self":[{"href":"https:\/\/easygoinc.com\/de\/wp-json\/wp\/v2\/pages\/63316","targetHints":{"allow":["GET"]}}],"collection":[{"href":"https:\/\/easygoinc.com\/de\/wp-json\/wp\/v2\/pages"}],"about":[{"href":"https:\/\/easygoinc.com\/de\/wp-json\/wp\/v2\/types\/page"}],"author":[{"embeddable":true,"href":"https:\/\/easygoinc.com\/de\/wp-json\/wp\/v2\/users\/1"}],"replies":[{"embeddable":true,"href":"https:\/\/easygoinc.com\/de\/wp-json\/wp\/v2\/comments?post=63316"}],"version-history":[{"count":7,"href":"https:\/\/easygoinc.com\/de\/wp-json\/wp\/v2\/pages\/63316\/revisions"}],"predecessor-version":[{"id":108314,"href":"https:\/\/easygoinc.com\/de\/wp-json\/wp\/v2\/pages\/63316\/revisions\/108314"}],"wp:attachment":[{"href":"https:\/\/easygoinc.com\/de\/wp-json\/wp\/v2\/media?parent=63316"}],"curies":[{"name":"wp","href":"https:\/\/api.w.org\/{rel}","templated":true}]}}